{"id":18584,"date":"2023-04-12T11:17:22","date_gmt":"2023-04-12T11:17:22","guid":{"rendered":"https:\/\/btp360.ma\/?post_type=product&#038;p=18584"},"modified":"2023-04-12T11:29:05","modified_gmt":"2023-04-12T11:29:05","slug":"__trashed-5","status":"publish","type":"product","link":"https:\/\/btp360.ma\/ar\/product\/__trashed-5\/","title":{"rendered":"Chariot \u00e9levateur Hyster gros tonnage Ann\u00e9e 1998"},"content":{"rendered":"<p>Chariot \u00e9levateur Hyster gros tonnage<\/p>\n<p>12\/98 diwana 2021 taman 36<\/p>","protected":false},"excerpt":{"rendered":"<p>Chariot \u00e9levateur Hyster gros tonnage 12\/98 diwana 2021 taman 36<\/p>","protected":false},"featured_media":18585,"comment_status":"closed","ping_status":"closed","template":"","meta":{"_monsterinsights_skip_tracking":false,"_monsterinsights_sitenote_active":false,"_monsterinsights_sitenote_note":"","_monsterinsights_sitenote_category":0},"product_cat":[240,278],"product_tag":[],"class_list":["post-18584","product","type-product","status-publish","has-post-thumbnail","hentry","product_cat-materiels-de-manutention","product_cat-chariot-elevateur-gros-tonnage","product_brand-hyster"],"yoast_head":"<!-- This site is optimized with the Yoast SEO plugin v22.2 - https:\/\/yoast.com\/wordpress\/plugins\/seo\/ -->\n<title>Chariot \u00e9levateur Hyster gros tonnage Ann\u00e9e 1998 - BTP360<\/title>\n<meta name=\"robots\" content=\"index, follow, max-snippet:-1, max-image-preview:large, max-video-preview:-1\" \/>\n<link rel=\"canonical\" href=\"https:\/\/btp360.ma\/ar\/product\/__trashed-5\/\" \/>\n<meta property=\"og:locale\" content=\"ar_AR\" \/>\n<meta property=\"og:type\" content=\"article\" \/>\n<meta property=\"og:title\" content=\"Chariot \u00e9levateur Hyster gros tonnage Ann\u00e9e 1998 - BTP360\" \/>\n<meta property=\"og:description\" content=\"Chariot \u00e9levateur Hyster gros tonnage 12\/98 diwana 2021 taman 36\" \/>\n<meta property=\"og:url\" content=\"https:\/\/btp360.ma\/ar\/product\/__trashed-5\/\" \/>\n<meta property=\"og:site_name\" content=\"BTP360\" \/>\n<meta property=\"article:publisher\" content=\"https:\/\/www.facebook.com\/BTP360.ma\" \/>\n<meta property=\"article:modified_time\" content=\"2023-04-12T11:29:05+00:00\" \/>\n<meta property=\"og:image\" content=\"https:\/\/btp360.ma\/wp-content\/uploads\/2023\/04\/IMG-20230412-WA0169.jpg?v=1681298301\" \/>\n\t<meta property=\"og:image:width\" content=\"597\" \/>\n\t<meta property=\"og:image:height\" content=\"1280\" \/>\n\t<meta property=\"og:image:type\" content=\"image\/jpeg\" \/>\n<meta name=\"twitter:card\" content=\"summary_large_image\" \/>\n<script type=\"application\/ld+json\" class=\"yoast-schema-graph\">{\"@context\":\"https:\/\/schema.org\",\"@graph\":[{\"@type\":\"WebPage\",\"@id\":\"https:\/\/btp360.ma\/product\/__trashed-5\/\",\"url\":\"https:\/\/btp360.ma\/product\/__trashed-5\/\",\"name\":\"Chariot \u00e9levateur Hyster gros tonnage Ann\u00e9e 1998 - BTP360\",\"isPartOf\":{\"@id\":\"https:\/\/btp360.ma\/#website\"},\"primaryImageOfPage\":{\"@id\":\"https:\/\/btp360.ma\/product\/__trashed-5\/#primaryimage\"},\"image\":{\"@id\":\"https:\/\/btp360.ma\/product\/__trashed-5\/#primaryimage\"},\"thumbnailUrl\":\"https:\/\/btp360.ma\/wp-content\/uploads\/2023\/04\/IMG-20230412-WA0169.jpg?v=1681298301\",\"datePublished\":\"2023-04-12T11:17:22+00:00\",\"dateModified\":\"2023-04-12T11:29:05+00:00\",\"breadcrumb\":{\"@id\":\"https:\/\/btp360.ma\/product\/__trashed-5\/#breadcrumb\"},\"inLanguage\":\"ary\",\"potentialAction\":[{\"@type\":\"ReadAction\",\"target\":[\"https:\/\/btp360.ma\/product\/__trashed-5\/\"]}]},{\"@type\":\"ImageObject\",\"inLanguage\":\"ary\",\"@id\":\"https:\/\/btp360.ma\/product\/__trashed-5\/#primaryimage\",\"url\":\"https:\/\/btp360.ma\/wp-content\/uploads\/2023\/04\/IMG-20230412-WA0169.jpg?v=1681298301\",\"contentUrl\":\"https:\/\/btp360.ma\/wp-content\/uploads\/2023\/04\/IMG-20230412-WA0169.jpg?v=1681298301\",\"width\":597,\"height\":1280},{\"@type\":\"BreadcrumbList\",\"@id\":\"https:\/\/btp360.ma\/product\/__trashed-5\/#breadcrumb\",\"itemListElement\":[{\"@type\":\"ListItem\",\"position\":1,\"name\":\"Accueil\",\"item\":\"https:\/\/btp360.ma\/\"},{\"@type\":\"ListItem\",\"position\":2,\"name\":\"Shop\",\"item\":\"https:\/\/btp360.ma\/annonces-engins-et-materiels-btp-doccasion\/\"},{\"@type\":\"ListItem\",\"position\":3,\"name\":\"Chariot \u00e9levateur Hyster gros tonnage Ann\u00e9e 1998\"}]},{\"@type\":\"WebSite\",\"@id\":\"https:\/\/btp360.ma\/#website\",\"url\":\"https:\/\/btp360.ma\/\",\"name\":\"BTP360\",\"description\":\"BTP360\",\"publisher\":{\"@id\":\"https:\/\/btp360.ma\/#organization\"},\"potentialAction\":[{\"@type\":\"SearchAction\",\"target\":{\"@type\":\"EntryPoint\",\"urlTemplate\":\"https:\/\/btp360.ma\/?s={search_term_string}\"},\"query-input\":\"required name=search_term_string\"}],\"inLanguage\":\"ary\"},{\"@type\":\"Organization\",\"@id\":\"https:\/\/btp360.ma\/#organization\",\"name\":\"BTP360\",\"url\":\"https:\/\/btp360.ma\/\",\"logo\":{\"@type\":\"ImageObject\",\"inLanguage\":\"ary\",\"@id\":\"https:\/\/btp360.ma\/#\/schema\/logo\/image\/\",\"url\":\"https:\/\/btp360.ma\/wp-content\/uploads\/2023\/03\/Logo-principale-JAUNE-FLACHE.png\",\"contentUrl\":\"https:\/\/btp360.ma\/wp-content\/uploads\/2023\/03\/Logo-principale-JAUNE-FLACHE.png\",\"width\":496,\"height\":128,\"caption\":\"BTP360\"},\"image\":{\"@id\":\"https:\/\/btp360.ma\/#\/schema\/logo\/image\/\"},\"sameAs\":[\"https:\/\/www.facebook.com\/BTP360.ma\"]}]}<\/script>\n<!-- \/ Yoast SEO plugin. -->","yoast_head_json":{"title":"Chariot \u00e9levateur Hyster gros tonnage Ann\u00e9e 1998 - BTP360","robots":{"index":"index","follow":"follow","max-snippet":"max-snippet:-1","max-image-preview":"max-image-preview:large","max-video-preview":"max-video-preview:-1"},"canonical":"https:\/\/btp360.ma\/ar\/product\/__trashed-5\/","og_locale":"ar_AR","og_type":"article","og_title":"Chariot \u00e9levateur Hyster gros tonnage Ann\u00e9e 1998 - BTP360","og_description":"Chariot \u00e9levateur Hyster gros tonnage 12\/98 diwana 2021 taman 36","og_url":"https:\/\/btp360.ma\/ar\/product\/__trashed-5\/","og_site_name":"BTP360","article_publisher":"https:\/\/www.facebook.com\/BTP360.ma","article_modified_time":"2023-04-12T11:29:05+00:00","og_image":[{"width":597,"height":1280,"url":"https:\/\/btp360.ma\/wp-content\/uploads\/2023\/04\/IMG-20230412-WA0169.jpg?v=1681298301","type":"image\/jpeg"}],"twitter_card":"summary_large_image","schema":{"@context":"https:\/\/schema.org","@graph":[{"@type":"WebPage","@id":"https:\/\/btp360.ma\/product\/__trashed-5\/","url":"https:\/\/btp360.ma\/product\/__trashed-5\/","name":"Chariot \u00e9levateur Hyster gros tonnage Ann\u00e9e 1998 - BTP360","isPartOf":{"@id":"https:\/\/btp360.ma\/#website"},"primaryImageOfPage":{"@id":"https:\/\/btp360.ma\/product\/__trashed-5\/#primaryimage"},"image":{"@id":"https:\/\/btp360.ma\/product\/__trashed-5\/#primaryimage"},"thumbnailUrl":"https:\/\/btp360.ma\/wp-content\/uploads\/2023\/04\/IMG-20230412-WA0169.jpg?v=1681298301","datePublished":"2023-04-12T11:17:22+00:00","dateModified":"2023-04-12T11:29:05+00:00","breadcrumb":{"@id":"https:\/\/btp360.ma\/product\/__trashed-5\/#breadcrumb"},"inLanguage":"ary","potentialAction":[{"@type":"ReadAction","target":["https:\/\/btp360.ma\/product\/__trashed-5\/"]}]},{"@type":"ImageObject","inLanguage":"ary","@id":"https:\/\/btp360.ma\/product\/__trashed-5\/#primaryimage","url":"https:\/\/btp360.ma\/wp-content\/uploads\/2023\/04\/IMG-20230412-WA0169.jpg?v=1681298301","contentUrl":"https:\/\/btp360.ma\/wp-content\/uploads\/2023\/04\/IMG-20230412-WA0169.jpg?v=1681298301","width":597,"height":1280},{"@type":"BreadcrumbList","@id":"https:\/\/btp360.ma\/product\/__trashed-5\/#breadcrumb","itemListElement":[{"@type":"ListItem","position":1,"name":"Accueil","item":"https:\/\/btp360.ma\/"},{"@type":"ListItem","position":2,"name":"Shop","item":"https:\/\/btp360.ma\/annonces-engins-et-materiels-btp-doccasion\/"},{"@type":"ListItem","position":3,"name":"Chariot \u00e9levateur Hyster gros tonnage Ann\u00e9e 1998"}]},{"@type":"WebSite","@id":"https:\/\/btp360.ma\/#website","url":"https:\/\/btp360.ma\/","name":"BTP360","description":"BTP360","publisher":{"@id":"https:\/\/btp360.ma\/#organization"},"potentialAction":[{"@type":"SearchAction","target":{"@type":"EntryPoint","urlTemplate":"https:\/\/btp360.ma\/?s={search_term_string}"},"query-input":"required name=search_term_string"}],"inLanguage":"ary"},{"@type":"Organization","@id":"https:\/\/btp360.ma\/#organization","name":"BTP360","url":"https:\/\/btp360.ma\/","logo":{"@type":"ImageObject","inLanguage":"ary","@id":"https:\/\/btp360.ma\/#\/schema\/logo\/image\/","url":"https:\/\/btp360.ma\/wp-content\/uploads\/2023\/03\/Logo-principale-JAUNE-FLACHE.png","contentUrl":"https:\/\/btp360.ma\/wp-content\/uploads\/2023\/03\/Logo-principale-JAUNE-FLACHE.png","width":496,"height":128,"caption":"BTP360"},"image":{"@id":"https:\/\/btp360.ma\/#\/schema\/logo\/image\/"},"sameAs":["https:\/\/www.facebook.com\/BTP360.ma"]}]}},"_links":{"self":[{"href":"https:\/\/btp360.ma\/ar\/wp-json\/wp\/v2\/product\/18584","targetHints":{"allow":["GET"]}}],"collection":[{"href":"https:\/\/btp360.ma\/ar\/wp-json\/wp\/v2\/product"}],"about":[{"href":"https:\/\/btp360.ma\/ar\/wp-json\/wp\/v2\/types\/product"}],"replies":[{"embeddable":true,"href":"https:\/\/btp360.ma\/ar\/wp-json\/wp\/v2\/comments?post=18584"}],"wp:featuredmedia":[{"embeddable":true,"href":"https:\/\/btp360.ma\/ar\/wp-json\/wp\/v2\/media\/18585"}],"wp:attachment":[{"href":"https:\/\/btp360.ma\/ar\/wp-json\/wp\/v2\/media?parent=18584"}],"wp:term":[{"taxonomy":"product_cat","embeddable":true,"href":"https:\/\/btp360.ma\/ar\/wp-json\/wp\/v2\/product_cat?post=18584"},{"taxonomy":"product_tag","embeddable":true,"href":"https:\/\/btp360.ma\/ar\/wp-json\/wp\/v2\/product_tag?post=18584"}],"curies":[{"name":"wp","href":"https:\/\/api.w.org\/{rel}","templated":true}]}}